{"id":151,"date":"2026-01-24T16:43:27","date_gmt":"2026-01-24T16:43:27","guid":{"rendered":"https:\/\/b06.at\/?page_id=151"},"modified":"2026-01-24T16:49:56","modified_gmt":"2026-01-24T16:49:56","slug":"xenia-hausner","status":"publish","type":"page","link":"https:\/\/b06.at\/?page_id=151","title":{"rendered":"Xenia Hausner"},"content":{"rendered":"\n<p>&#8230; wurde 1951 als Tochter des Malers Rudolf Hausner in Wien geboren. Zun\u00e4chst studierte sie B\u00fchnenbild an der Wiener Akademie der bildenden K\u00fcnste und an der Royal Academy of Dramatic Art in London. 1975 bis 1992 arbeitete sie an mehr als hundert Theater- und Opernproduktionen mit, darunter f\u00fcr Covent Garden in London, das Wiener Burgtheater, das Th\u00e9\u00e2tre de la Monnaie in Br\u00fcssel und die Salzburger Festspiele. Seit den fr\u00fchen 1980er Jahren hat sie ein Atelier in Berlin. Beginnend mit 1992 widmete sie sich ausschlie\u00dflich der Malerei. Zentrum ihrer \u00e4u\u00dferst farbexpressiven Darstellungen ist der Mensch, zum Gro\u00dfteil Frauen, die sie oft in einem b\u00fchnenartigen Setting pr\u00e4sentiert. Xenia Hausner lebt und arbeitet in Berlin, Wien und Hongkong. Sie z\u00e4hlt zu den renommiertesten K\u00fcnstlerinnen der Gegenwart und ist vor allem f\u00fcr ihre Acrylgem\u00e4lde und Mixed-Media-Arbeiten bekannt. Ihre Arbeiten finden internationalen Anklang, tauchen nur selten am Kunstmarkt auf und sind bei Sammlern sehr begehrt. Ausgew\u00e4hlte Werke der K\u00fcnstlerin befinden sich in der Albertina modern im K\u00fcnstlerhaus, Wien, im Belvedere, Wien, sowie der Sammlung W\u00fcrth in K\u00fcnzelsau.<\/p>\n\n\n\n<div class=\"wp-block-columns is-layout-flex wp-container-core-columns-is-layout-28f84493 wp-block-columns-is-layout-flex\">\n<div class=\"wp-block-column is-layout-flow wp-block-column-is-layout-flow\">\n<figure class=\"wp-block-image size-medium\"><img loading=\"lazy\" decoding=\"async\" width=\"300\" height=\"169\" src=\"https:\/\/b06.at\/wp-content\/uploads\/2026\/01\/xenia-hausner_lakeside_67x118-300x169.jpg\" alt=\"\" class=\"wp-image-127\" srcset=\"https:\/\/b06.at\/wp-content\/uploads\/2026\/01\/xenia-hausner_lakeside_67x118-300x169.jpg 300w, https:\/\/b06.at\/wp-content\/uploads\/2026\/01\/xenia-hausner_lakeside_67x118-1024x578.jpg 1024w, https:\/\/b06.at\/wp-content\/uploads\/2026\/01\/xenia-hausner_lakeside_67x118-768x434.jpg 768w, https:\/\/b06.at\/wp-content\/uploads\/2026\/01\/xenia-hausner_lakeside_67x118-1536x867.jpg 1536w, https:\/\/b06.at\/wp-content\/uploads\/2026\/01\/xenia-hausner_lakeside_67x118-2048x1156.jpg 2048w, https:\/\/b06.at\/wp-content\/uploads\/2026\/01\/xenia-hausner_lakeside_67x118-800x450.jpg 800w\" sizes=\"auto, (max-width: 300px) 100vw, 300px\" \/><figcaption class=\"wp-element-caption\">Lakeside, 2025<br>Chromolithografie aus 6 Platten, handgedruckt auf 400g Velin d\u2019Arches B\u00fctten<br>67 x 118 cm<br>Edition: 25 Exemplare<\/figcaption><\/figure>\n<\/div>\n\n\n\n<div class=\"wp-block-column is-layout-flow wp-block-column-is-layout-flow\"><\/div>\n\n\n\n<div class=\"wp-block-column is-layout-flow wp-block-column-is-layout-flow\"><\/div>\n<\/div>\n\n\n\n<p><\/p>\n","protected":false},"excerpt":{"rendered":"<p>&#8230; wurde 1951 als Tochter des Malers Rudolf Hausner in Wien geboren. Zun\u00e4chst studierte sie B\u00fchnenbild an der Wiener Akademie<\/p>\n","protected":false},"author":1,"featured_media":0,"parent":0,"menu_order":0,"comment_status":"closed","ping_status":"closed","template":"","meta":{"colormag_page_container_layout":"default_layout","colormag_page_sidebar_layout":"default_layout","footnotes":""},"class_list":["post-151","page","type-page","status-publish","hentry"],"_links":{"self":[{"href":"https:\/\/b06.at\/index.php?rest_route=\/wp\/v2\/pages\/151","targetHints":{"allow":["GET"]}}],"collection":[{"href":"https:\/\/b06.at\/index.php?rest_route=\/wp\/v2\/pages"}],"about":[{"href":"https:\/\/b06.at\/index.php?rest_route=\/wp\/v2\/types\/page"}],"author":[{"embeddable":true,"href":"https:\/\/b06.at\/index.php?rest_route=\/wp\/v2\/users\/1"}],"replies":[{"embeddable":true,"href":"https:\/\/b06.at\/index.php?rest_route=%2Fwp%2Fv2%2Fcomments&post=151"}],"version-history":[{"count":3,"href":"https:\/\/b06.at\/index.php?rest_route=\/wp\/v2\/pages\/151\/revisions"}],"predecessor-version":[{"id":154,"href":"https:\/\/b06.at\/index.php?rest_route=\/wp\/v2\/pages\/151\/revisions\/154"}],"wp:attachment":[{"href":"https:\/\/b06.at\/index.php?rest_route=%2Fwp%2Fv2%2Fmedia&parent=151"}],"curies":[{"name":"wp","href":"https:\/\/api.w.org\/{rel}","templated":true}]}}